{"id":19436,"date":"2021-03-02T09:06:56","date_gmt":"2021-03-02T00:06:56","guid":{"rendered":"https:\/\/www.teshiotown.hokkaido.jp\/?page_id=19436"},"modified":"2021-03-02T09:11:54","modified_gmt":"2021-03-02T00:11:54","slug":"%ef%bc%88%ef%bc%92%ef%bc%89%e7%a5%96%e5%85%88%e3%81%ae%e9%81%93%e7%a8%8b%e3%80%80ancestors-journey","status":"publish","type":"page","link":"https:\/\/www.teshiotown.hokkaido.jp\/?page_id=19436","title":{"rendered":"\uff08\uff12\uff09\u7956\u5148\u306e\u9053\u7a0b\u3000Ancestor&#8217;s journey"},"content":{"rendered":"<p class=\"tinymce-title-medium-green\">Ancestor&#8217;s journey<\/p>\n<p>The direct ancestors of the Ainu people of Hokkaido, the indigenous people of this area, belong to a group called &#8220;Satsumon culture&#8221;. The ruins of this culture are mainly on the banks of the river, especially there are hundreds of ruins of pit dwelling near the mouth of river. Ruins of the estuary baseline are a good example. People hunted, fished, and lived a nature-integrated life. This is a traditional life built over thousands of years since the J\u014dmon and Zoku-J\u014dmon(Epi-J\u014dmon) period. In Teshio town, you can trace the footsteps of your ancestors from middle of the J\u014dmon period (about 4,000 years ago).<\/p>\n<p class=\"tinymce-title-medium-green\">\u7956\u5148\u306e\u9053\u7a0b<\/p>\n<p>\u3000\u3053\u306e\u5730\u306e\u5148\u4f4f\u6c11\u3001\u5317\u6d77\u9053\u30a2\u30a4\u30cc\u306e\u76f4\u63a5\u306e\u7956\u5148\u306f\u300c\u64e6\u6587\u6587\u5316\u300d\u3068\u547c\u3076\u30b0\u30eb\u30fc\u30d7\u306b\u5165\u308b\u3002\u3053\u306e\u6587\u5316\u306e\u907a\u8de1\u306f\u4e3b\u306b\u5ddd\u306e\u6cbf\u5cb8\u306b\u3042\u308a\u3001\u7279\u306b\u6cb3\u53e3\u4ed8\u8fd1\u306b\u306f\u4f55\u767e\u3082\u306e\u7aea\u7a74\u4f4f\u5c45\u8de1\u304c\u6b8b\u3063\u3066\u3044\u308b\u3002\u6cb3\u53e3\u57fa\u7dda\u907a\u8de1\u306f\u305d\u306e\u826f\u3044\u4f8b\u3067\u3042\u308b\u3002\u4eba\u3005\u306f\u72e9\u731f\u3001\u6f01\u52b4\u3092\u884c\u3044\u3001\u81ea\u7136\u306b\u305f\u304f\u307f\u306b\u3068\u3051\u3053\u3093\u3060\u751f\u6d3b\u3092\u9001\u3063\u305f\u304c\u3001\u3053\u308c\u306f\u3001\u7e04\u6587\u6642\u4ee3\u3001\u7d9a\u7e04\u6587\u6642\u4ee3\u4ee5\u6765\u4f55\u5343\u5e74\u306e\u9593\u306b\u7bc9\u304b\u308c\u305f\u751f\u6d3b\u306e\u4f1d\u7d71\u3092\u53d7\u3051\u7d99\u3044\u3060\u3082\u306e\u3067\u3042\u308b\u3002\u5929\u5869\u753a\u3067\u306f\u7e04\u6587\u4e2d\u671f\uff08\u7d044,000\u5e74\u524d\uff09\u304b\u3089\u7956\u5148\u306e\u8db3\u8de1\u3092\u8fbf\u308b\u3053\u3068\u304c\u3067\u304d\u308b\u3002<\/p>\n","protected":false},"excerpt":{"rendered":"<p>Ancestor&#8217;s journey The direct ancestors of the Ainu people of Hokkaido, the indigenous people of this ar [&hellip;]<\/p>\n","protected":false},"author":7,"featured_media":0,"parent":19434,"menu_order":1,"comment_status":"closed","ping_status":"closed","template":"","meta":[],"_links":{"self":[{"href":"https:\/\/www.teshiotown.hokkaido.jp\/index.php?rest_route=\/wp\/v2\/pages\/19436"}],"collection":[{"href":"https:\/\/www.teshiotown.hokkaido.jp\/index.php?rest_route=\/wp\/v2\/pages"}],"about":[{"href":"https:\/\/www.teshiotown.hokkaido.jp\/index.php?rest_route=\/wp\/v2\/types\/page"}],"author":[{"embeddable":true,"href":"https:\/\/www.teshiotown.hokkaido.jp\/index.php?rest_route=\/wp\/v2\/users\/7"}],"replies":[{"embeddable":true,"href":"https:\/\/www.teshiotown.hokkaido.jp\/index.php?rest_route=%2Fwp%2Fv2%2Fcomments&post=19436"}],"version-history":[{"count":0,"href":"https:\/\/www.teshiotown.hokkaido.jp\/index.php?rest_route=\/wp\/v2\/pages\/19436\/revisions"}],"up":[{"embeddable":true,"href":"https:\/\/www.teshiotown.hokkaido.jp\/index.php?rest_route=\/wp\/v2\/pages\/19434"}],"wp:attachment":[{"href":"https:\/\/www.teshiotown.hokkaido.jp\/index.php?rest_route=%2Fwp%2Fv2%2Fmedia&parent=19436"}],"curies":[{"name":"wp","href":"https:\/\/api.w.org\/{rel}","templated":true}]}}